{"id":10,"date":"2023-06-12T12:10:07","date_gmt":"2023-06-12T10:10:07","guid":{"rendered":"https:\/\/wordpress2220580.home.pl\/autoinstalator\/wordpressplugins6\/index.php\/mesmerize-pro\/"},"modified":"2026-04-09T16:12:17","modified_gmt":"2026-04-09T14:12:17","slug":"mesmerize-pro","status":"publish","type":"page","link":"https:\/\/galakomediowa.pl\/","title":{"rendered":"Gala Komediowa"},"content":{"rendered":"<div  data-label=\"opis\" data-id=\"about--2\" data-export-id=\"about-10\" data-category=\"about\" class=\"about-10 content-section content-section-spacing\" id=\"opis-1\" style=\"background-color: rgb(0, 0, 0); background-image: none;\"><div  class=\"gridContainer\"> <div  class=\"row middle-sm text-center\"><div  class=\"col-sm-5 space-bottom-xs content-column\" data-type=\"column\"> <h5  class=\"\"><span  style=\"color: rgb(255, 255, 255);\">Czym jest Gala Charytatywna<\/span><\/h5>  <p  class=\"\" style=\"text-align: left;\">Jest to wiecz\u00f3r komediowy pe\u0142en improwizowanych skeczy.&nbsp;\n<br >Wszystko co zobaczycie b\u0119dzie tworzone na \u017cywo na podstawie sugestii publiczno\u015bci. Nic co zobaczycie wcze\u015bniej nie powsta\u0142o i ju\u017c nigdy nie zostanie odegrane.&nbsp;\n<br ><br >Wyst\u0119puj\u0105:<br >Abelard Giza, Kacper Ruci\u0144ski\n<br >Grupa AD HOC czyli Micha\u0142 Jeffrey Ociepa, Micha\u0142 Pr\u00f3chniewicz, Alan Pakosz, Janek Malinowski, Dawid Makosz, \n<br >Grupa Dzikie W\u0119\u017ce czyli, Karolina Ruci\u0144ska, Wojciech Tremiszewski, Szymon Jachimek \n<br >oraz Janusz Pietruszka i Krzysztof Kasparek.\n<br ><br >Wyst\u0119py odby\u0142y si\u0119 13 czerwca 2026\n<br >Klub Stodo\u0142a, Warszawa.&nbsp;\n<br ><br >Mo\u017cna zakupi\u0107 dost\u0119p do nagrania tego wyst\u0119pu<br ><br ><b >Wszyscy arty\u015bci zrezygnowali z wynagrodzenia<\/b>, \n<br >aby ca\u0142y doch\u00f3d z imprezy przeznaczy\u0107 na cel fundacji: \n<br >pomoc wychowankom dom\u00f3w dziecka w wej\u015bciu w doros\u0142o\u015b\u0107. Fundacja \u201eWystarczy Chcie\u0107\u201d skupia si\u0119 na zaszczepianiu pasji, rozwijaniu talent\u00f3w i poszerzaniu umiej\u0119tno\u015bci m\u0142odych ludzi.<\/p> <h5  class=\"\"><span  style=\"color: rgb(253, 253, 253);\">Czym jest Fundacja Wystarzcy Chcie\u0107<\/span><\/h5><p  class=\"\" style=\"text-align: left;\">Fundacja Wystarczy Chcie\u0107 czyli Daniel Pomie\u0107ko, Abelard Giza oraz Kacper Ruci\u0144ski. Nasza fundacja powsta\u0142a w bardzo prostym i konkretnym celu \u2013 chcemy pom\u00f3c wychowankom dom\u00f3w dziecka wej\u015b\u0107 w doros\u0142o\u015b\u0107! I chcemy zrobi\u0107 to troch\u0119 inaczej \u2013 zaszczepiaj\u0105c w nich pasje, rozwijaj\u0105c ich talenty i poszerzaj\u0105c umiej\u0119tno\u015bci.\n<br ><br >Pierwsza Gala Komediowa w 2024 r. zebra\u0142a ponad 100 000 z\u0142.&nbsp;<br >\nDruga Gala Komediowa w 2025 r. zebra\u0142a ponad 210 000 z\u0142.\n<br >wszystko zosta\u0142o przekazane na pomoc dzieciom. \n<br >Wszystkie osoby kt\u00f3re zg\u0142osi\u0142y si\u0119 o pomoc \u2013 uzyska\u0142y j\u0105.<br ><a  data-mce-href=\"http:\/\/www.wystarczy-chciec.pl\" href=\"http:\/\/www.wystarczy-chciec.pl\" target=\"_blank\" rel=\"noopener\" data-mce-selected=\"inline-boundary\" data-cp-link=\"1\" class=\"\">www.wystarczy-chciec.pl<\/a><\/p><a  class=\"button big color2\" href=\"#streaming\" target=\"_self\" data-cp-link=\"1\" data-icon=\"\" rel=\"noopener\">kup dost\u0119p<\/a><\/div> <div  class=\"col-sm-7 flexbox middle-xs center-xs space-bottom-xs first-xs last-sm\"><div  class=\"overlay-box middle-xs center-xs flexbox\"> <div  class=\"overlay-box-offset offset-border shadow-medium border-color1 hide-xs\"><\/div> <a  data-cp-link=\"1\" href=\"#\" target=\"_self\"><img  decoding=\"async\" class=\"shadow-large\" data-size=\"485x705\" src=\"https:\/\/galakomediowa.pl\/wp-content\/uploads\/2026\/04\/3-komediowa-gala-charytatywna-wystarczy-chciec-2.png\"><\/a><\/div> <\/div><\/div> <\/div><\/div><div  data-label=\"streaming\" data-id=\"pricing--1\" data-export-id=\"pricing-7\" data-category=\"pricing\" class=\"pricing-7 content-section content-section-spacing bg-color1\" data-featured-class=\"pricing-featured\" id=\"streaming\" style=\"background-image: none; background-color: rgb(0, 0, 0);\"><div  class=\"gridContainer\"> <div  class=\"row\"><div  data-type=\"column\" class=\"section-title-col\"> <h2  class=\"\">Streaming Online<\/h2><p  class=\"\">Pay Per View (PPV)<\/p> <h5  class=\"\">Transmisja + rok dost\u0119pu.<\/h5><p  class=\"lead\" style=\"text-align: left;\">Wydarzenia odb\u0119d\u0105 si\u0119 13 czewca 2026 r. Mo\u017cna zakupi\u0107 dost\u0119p do transmisji live tych wydarze\u0144. \n<br >Po zakupie otrzymasz linki do transmisji.<br >Wydarzenie b\u0119dzie dost\u0119pne tak\u017ce po zako\u0144czeniu przez okres min. 365 dni od daty premiery<br ><br >Wymagania: Urz\u0105dzenie z dost\u0119pem do internetu oraz przegl\u0105darka internetowa.\n<br ><br ><b >Cena od 10 z\u0142<\/b><br >\nPrzygotowali\u015bmy mo\u017cliwo\u015b\u0107 wp\u0142acenia <b >dowolnej kwoty<\/b>. To Ty decydujesz jak\u0105 kwot\u0105 wesprzesz dzia\u0142ania fundacji. Ka\u017cda wp\u0142acona przez Ciebie z\u0142ot\u00f3wka wspiera dzieci z dom\u00f3w dziecka.<\/p><\/div> <\/div> <div  data-type=\"row\" class=\"row spaced-cols\"> <div  class=\"col-xs-12 col-sm-4 text-center col-md-6 \"> <div  class=\"card shadow-medium rounded\" data-type=\"column\">  <img  decoding=\"async\" class=\"custom-image\" src=\"https:\/\/galakomediowa.pl\/wp-content\/uploads\/2026\/04\/3-komediowa-gala-charytatywna-wystarczy-chciec-5.png\" title=\"3 komediowa gala charytatywna wystarczy chcie\u0107 (5)\" alt=\"\"><h3  class=\"h1 color-black\">Transmisja 16:00<\/h3> <p  class=\"\"><font  color=\"#000000\">cena od 10 z\u0142<\/font><\/p>  <p  class=\"\"><span  style=\"color: rgb(0, 0, 0);\">Streaming (PPV) + 365 dni<\/span><\/p><a  data-default=\"color1\" data-featured=\"color2\" class=\"button upper big color2\" href=\"https:\/\/strefagizy.salescrm.pl\/cart\/add_product\/16656\" target=\"_self\" data-cp-link=\"1\" data-icon=\"\">Kup dost\u0119p PPV <\/a><p  class=\"\"><font color=\"#ff0000\" face=\"Muli, arial, helvetica, sans-serif\" ><b >wydarzenie odb\u0119dzie si\u0119 w dniu 13.06.2026 r.<\/b><\/font><\/p><p  class=\"\"><span  style=\"color: rgb(0, 0, 0);\"><sub >System sprzeda\u017cy udost\u0119pni\u0142a firma IMKER (www.imker.pl)<\/sub><\/span><\/p><\/div> <\/div> <div  class=\"col-xs-12 col-sm-4 text-center pricing-featured col-md-6 \"> <div  class=\"card shadow-medium rounded\" data-type=\"column\"> <img  decoding=\"async\" class=\"custom-image\" src=\"https:\/\/galakomediowa.pl\/wp-content\/uploads\/2026\/04\/3-komediowa-gala-charytatywna-wystarczy-chciec-3.png\" title=\"3 komediowa gala charytatywna wystarczy chcie\u0107 (3)\" alt=\"\"> <h3  class=\"h1 color-black\">Transmisja 19:00<\/h3> <p  class=\"\"><font  color=\"#000000\">cena od 10 z\u0142<\/font><\/p>  <p  class=\"\"><span  style=\"color: rgb(0, 0, 0);\">Streaming (PPV) + 365 dni<\/span><\/p><a  data-default=\"color1\" data-featured=\"color2\" class=\"button upper big color2\" href=\"https:\/\/strefagizy.salescrm.pl\/cart\/add_product\/16655\" target=\"_self\" data-cp-link=\"1\" data-icon=\"\">Kup dost\u0119p PPV<\/a><p  class=\"\"><span  id=\"_mce_caret\" data-mce-bogus=\"1\" data-mce-type=\"format-caret\"><span  style=\"color: rgb(255, 0, 0); font-weight: 700; font-family: Muli, arial, helvetica, sans-serif;\">wydarzenie odb\u0119dzie si\u0119 w dniu 13.06.2026 r.<\/span><\/span><\/p><p  class=\"\"><span  style=\"color: rgb(0, 0, 0);\"><sub >System sprzeda\u017cy udost\u0119pni\u0142a firma IMKER (www.imker.pl)<\/sub><\/span><span  id=\"_mce_caret\" data-mce-bogus=\"1\" data-mce-type=\"format-caret\"><span  style=\"color: rgb(0, 0, 0);\"><sub >\ufeff<\/sub><\/span><\/span><\/p><\/div> <\/div> <\/div> <\/div><\/div><div  data-label=\"opinie\" data-id=\"testimonials--1\" data-export-id=\"testimonials-1\" data-category=\"testimonials\" class=\"testimonials-1 content-section content-section-spacing\" id=\"opinie\" style=\"background-color: rgb(0, 0, 0); background-image: none;\"><div  class=\"gridContainer\"> <div  class=\"row\"><div  data-type=\"column\" class=\"section-title-col\"> <h2  class=\"\">Opinie widz\u00f3w:<\/h2> <p  class=\"\">dotycz\u0105 II Gali z 2025 r.<\/p><\/div> <\/div> <div  class=\"row spaced-cols content-center-sm\" data-type=\"row\"> <div  class=\"col-xs-12 col-sm-6 col-md-4\"> <a data-cp-link=\"1\" href=\"#\"  class=\"\"><i  class=\"fa fa-quote-right icon color1 small quotation-icon\"><\/i><\/a> <p  class=\"\">Polecamy wszystkim obejrze\u0107 online i 16.00 i 19.00. Pop\u0142aka\u0142am si\u0119 ze \u015bmiechu. Jeste\u015bcie Wielcy <img decoding=\"async\" draggable=\"false\" role=\"img\" class=\"emoji\" alt=\"\u2764\ufe0f\" src=\"https:\/\/s.w.org\/images\/core\/emoji\/17.0.2\/svg\/2764.svg\" ><\/p>  <h5  class=\"\"><span  style=\"color: rgb(255, 255, 255);\">Jowita<\/span><span  id=\"_mce_caret\" data-mce-bogus=\"1\" data-mce-type=\"format-caret\"><span  style=\"color: rgb(255, 255, 255);\">\ufeff<\/span><\/span><\/h5> <\/div> <div  class=\"col-xs-12 col-sm-6 col-md-4\"><i  class=\"fa fa-quote-right icon color1 small quotation-icon\"><\/i> <p  class=\"\">To by\u0142y 2h \u015bmiechu i wzruszenia, bo za tym ca\u0142ym pi\u0119knem, kt\u00f3re nam dali\u015bcie sta\u0142 Wasz bezinteresowny wysi\u0142ek. To my dzi\u0119kujemy!<br >\nP.s. wampir zakochany w g\u0119si\u2026bezcenne!!! <\/p>  <h5  class=\"\"><span  style=\"color: rgb(255, 255, 255);\">Ania<\/span><span  id=\"_mce_caret\" data-mce-bogus=\"1\" data-mce-type=\"format-caret\"><span  style=\"color: rgb(255, 255, 255);\">\ufeff<\/span><\/span><\/h5> <\/div> <div  class=\"col-xs-12 col-sm-6 col-md-4\"><i  class=\"fa fa-quote-right icon color1 small quotation-icon\"><\/i> <p  class=\"\">By\u0142o bosko  by\u0142am na 16:00 i z ch\u0119ci\u0105 obejrz\u0119 co si\u0119 wydarzy\u0142o o 19:00 <\/p>  <h5  class=\"\"><span  style=\"color: rgb(255, 255, 255);\">Magda<\/span><\/h5> <\/div> <div  class=\"col-xs-12 col-sm-6 col-md-4\"> <i  class=\"fa fa-quote-right icon color1 small quotation-icon\"><\/i> <p  class=\"\">By\u0142o przesympatycznie i prze\u015bmiesznie. Dzi\u0119kujemy! <\/p>  <h5  class=\"\"><font  color=\"#ffffff\">Ma\u0142gorzata<\/font><\/h5> <\/div><div  class=\"col-xs-12 col-sm-6 col-md-4\"> <i  class=\"fa fa-quote-right icon color1 small quotation-icon\"><\/i> <p  class=\"\">By\u0142am o 16 i wykupi\u0119 nagranie o 19 z ciekawo\u015bci  Sp\u00f3\u017anienie do pracy jak zwykle wymiata\u0142o. A podpowiedzi z chatu by\u0142y super <\/p>  <h5  class=\"\"><font  color=\"#ffffff\">Jo Mo<\/font><\/h5> <\/div><div  class=\"col-xs-12 col-sm-6 col-md-4\"> <i  class=\"fa fa-quote-right icon color1 small quotation-icon\"><\/i> <p  class=\"\">To by\u0142 ogie\u0144, emocje, dobra zabawa i pomaganie!! Dobra robota!!!<\/p>  <h5  class=\"\"><font  color=\"#ffffff\">Anna<\/font><\/h5> <\/div><\/div><\/div> <\/div><div  data-label=\"faq\" data-id=\"content--8\" data-export-id=\"content-12\" data-category=\"content\" class=\"content-12 content-section content-section-spacing\" id=\"faq\" style=\"background-color: rgb(0, 0, 0); background-image: none;\"><div  class=\"gridContainer\"> <div  class=\"row text-center\"><div  class=\"section-title-col\" data-type=\"column\"> <h2  class=\"\">FAQ<\/h2> <p  class=\"lead\"><span  style=\"color: rgb(255, 255, 255);\">Czyli odpowiedzi na najcz\u0119\u015bciej pojawiaj\u0105ce si\u0119 pytania.<\/span><\/p><h3  class=\"\" style=\"text-align: left;\">Czy streaming b\u0119dzie mo\u017cna obejrze\u0107 p\u00f3\u017aniej?<\/h3><p  class=\"\" style=\"text-align: left;\">Tak, transmisja na \u017cywo zako\u0144czy si\u0119, a wyst\u0119p b\u0119dzie jeszcze dost\u0119pny przez min. 1 rok<\/p><h3  class=\"\" style=\"text-align: left;\">Czy jak kupi\u0119 dost\u0119p online to mam dost\u0119p do obydwu wydarze\u0144?<\/h3><p  class=\"\" style=\"text-align: left;\">Nie. Ka\u017cde wydarzenie jest transmitowane osobno, aby obejrze\u0107 oba wyst\u0119py trzeba wykupi\u0107 dost\u0119py do obu wydarze\u0144.&nbsp;<\/p><h3  class=\"\" style=\"text-align: left;\">Czy wyst\u0119p jest tylko dla os\u00f3b pe\u0142noletnich?<\/h3><p  class=\"\" style=\"text-align: left;\">Wyst\u0119p ma charakter improwizowany \u2013 tzn nie wiemy jakie sugestie padn\u0105 z widowni oraz gdzie zaprowadzi nas wyobra\u017ania dlatego oznaczamy wyst\u0119p jako 18+. Je\u015bli jednak osoby poni\u017cej 18 roku \u017cycia chc\u0105 uczestniczy\u0107 w wydarzeniu to mog\u0105 za zgod\u0105 opiekuna.&nbsp;<\/p><h3  class=\"\" style=\"text-align: left;\"><span  style=\"color: rgb(255, 255, 255);\">Co znaczy, \u017ce wyst\u0119p jest improwizowany?<\/span><\/h3><p  class=\"\" style=\"text-align: left;\">To znaczy, \u017ce ca\u0142y wyst\u0119p powstaje na \u017cywo \u2013 bez wcze\u015bniej napisanego scenariusza. Aktorzy lub komicy tworz\u0105 sceny spontanicznie, cz\u0119sto na podstawie sugestii od publiczno\u015bci. Ka\u017cdy pokaz jest inny, niepowtarzalny i pe\u0142en zaskocze\u0144.<\/p><\/div> <\/div> <div  class=\"row center-xs middle-xs\"> <div  class=\"col-sm-9\" data-type=\"column\"> <\/div> <\/div><\/div> <\/div><div  data-label=\"kontakt\" data-id=\"contact--1\" data-export-id=\"contact-5\" data-category=\"contact\" class=\"contact-5 content-section content-section-spacing content-relative white-text\" id=\"kontakt\" style=\"background-color: rgb(0, 0, 0); background-image: none;\"><div  class=\"gridContainer\"><div  data-section-title-area=\"true\" class=\"row text-center\">   <div  class=\"section-title-col\" data-type=\"column\">       <h2  class=\"\">Kontakt<\/h2>       <p  class=\"lead\"><span  style=\"font-weight: 700;\">W sprawie problem\u00f3w z zam\u00f3wieniami prosz\u0119 pisa\u0107 na adres:<\/span>\n<br >gala@wystarczy-chciec.pl<\/p>   <\/div><\/div>  <div  class=\"row middle-sm\"> <div  class=\"col-xs-12 col-sm-6 image-holder space-bottom-xs\"> <a  data-cp-link=\"1\" href=\"#\" target=\"_self\" rel=\"noopener\"><img  decoding=\"async\" src=\"\" title=\"Logotyp SG\" alt=\"\"><\/a><\/div> <div  class=\"col-xs-12 col-sm-6\"><div  class=\"row middle-sm\"> <div  data-type=\"column\" class=\"col-xs-12 space-bottom-small\"><\/div> <\/div> <div  class=\"row middle-sm\" data-type=\"row\">   <div  class=\"col-xs-12 space-bottom-small col-md-12 \"><div  class=\"row\"> <div  data-type=\"column\" class=\"col-xs-12 col-sm-fit label-col\"><\/div> <div  data-type=\"column\" class=\"col-xs-12 col-sm\"><\/div> <\/div><\/div> <\/div> <\/div><\/div> <\/div><\/div>","protected":false},"excerpt":{"rendered":"<p>Czym jest Gala Charytatywna Jest to wiecz\u00f3r komediowy pe\u0142en improwizowanych skeczy.&nbsp; Wszystko co zobaczycie b\u0119dzie tworzone na \u017cywo na podstawie sugestii publiczno\u015bci. Nic co zobaczycie wcze\u015bniej nie powsta\u0142o i ju\u017c nigdy nie zostanie odegrane.&nbsp; Wyst\u0119puj\u0105:Abelard Giza, Kacper Ruci\u0144ski Grupa AD HOC czyli Micha\u0142 Jeffrey Ociepa, Micha\u0142 Pr\u00f3chniewicz, Alan Pakosz, Janek Malinowski, Dawid Makosz, Grupa Dzikie&hellip; <br \/> <a class=\"read-more\" href=\"https:\/\/galakomediowa.pl\/\">Read more<\/a><\/p>\n","protected":false},"author":1,"featured_media":446,"parent":0,"menu_order":0,"comment_status":"closed","ping_status":"closed","template":"page-templates\/homepage.php","meta":{"footnotes":""},"class_list":["post-10","page","type-page","status-publish","has-post-thumbnail","hentry"],"yoast_head":"<!-- This site is optimized with the Yoast SEO plugin v25.0 - https:\/\/yoast.com\/wordpress\/plugins\/seo\/ -->\n<title>Gala Komediowa - Komediowa Gala Charytatywna<\/title>\n<meta name=\"robots\" content=\"index, follow, max-snippet:-1, max-image-preview:large, max-video-preview:-1\" \/>\n<link rel=\"canonical\" href=\"https:\/\/galakomediowa.pl\/\" \/>\n<meta property=\"og:locale\" content=\"pl_PL\" \/>\n<meta property=\"og:type\" content=\"article\" \/>\n<meta property=\"og:title\" content=\"Gala Komediowa - Komediowa Gala Charytatywna\" \/>\n<meta property=\"og:description\" content=\"Czym jest Gala Charytatywna Jest to wiecz\u00f3r komediowy pe\u0142en improwizowanych skeczy.&nbsp; Wszystko co zobaczycie b\u0119dzie tworzone na \u017cywo na podstawie sugestii publiczno\u015bci. Nic co zobaczycie wcze\u015bniej nie powsta\u0142o i ju\u017c nigdy nie zostanie odegrane.&nbsp; Wyst\u0119puj\u0105:Abelard Giza, Kacper Ruci\u0144ski Grupa AD HOC czyli Micha\u0142 Jeffrey Ociepa, Micha\u0142 Pr\u00f3chniewicz, Alan Pakosz, Janek Malinowski, Dawid Makosz, Grupa Dzikie&hellip; Read more\" \/>\n<meta property=\"og:url\" content=\"https:\/\/galakomediowa.pl\/\" \/>\n<meta property=\"og:site_name\" content=\"Komediowa Gala Charytatywna\" \/>\n<meta property=\"article:publisher\" content=\"https:\/\/www.facebook.com\/WystarczyChciecPL\" \/>\n<meta property=\"article:modified_time\" content=\"2026-04-09T14:12:17+00:00\" \/>\n<meta property=\"og:image\" content=\"https:\/\/galakomediowa.pl\/wp-content\/uploads\/2025\/05\/cropped-plakat_pion.png\" \/>\n\t<meta property=\"og:image:width\" content=\"1078\" \/>\n\t<meta property=\"og:image:height\" content=\"1569\" \/>\n\t<meta property=\"og:image:type\" content=\"image\/png\" \/>\n<meta name=\"twitter:card\" content=\"summary_large_image\" \/>\n<meta name=\"twitter:label1\" content=\"Szacowany czas czytania\" \/>\n\t<meta name=\"twitter:data1\" content=\"5 minut\" \/>\n<script type=\"application\/ld+json\" class=\"yoast-schema-graph\">{\"@context\":\"https:\/\/schema.org\",\"@graph\":[{\"@type\":\"WebPage\",\"@id\":\"https:\/\/galakomediowa.pl\/\",\"url\":\"https:\/\/galakomediowa.pl\/\",\"name\":\"Gala Komediowa - Komediowa Gala Charytatywna\",\"isPartOf\":{\"@id\":\"https:\/\/galakomediowa.pl\/#website\"},\"primaryImageOfPage\":{\"@id\":\"https:\/\/galakomediowa.pl\/#primaryimage\"},\"image\":{\"@id\":\"https:\/\/galakomediowa.pl\/#primaryimage\"},\"thumbnailUrl\":\"https:\/\/galakomediowa.pl\/wp-content\/uploads\/2025\/05\/cropped-plakat_pion.png\",\"datePublished\":\"2023-06-12T10:10:07+00:00\",\"dateModified\":\"2026-04-09T14:12:17+00:00\",\"breadcrumb\":{\"@id\":\"https:\/\/galakomediowa.pl\/#breadcrumb\"},\"inLanguage\":\"pl-PL\",\"potentialAction\":[{\"@type\":\"ReadAction\",\"target\":[\"https:\/\/galakomediowa.pl\/\"]}]},{\"@type\":\"ImageObject\",\"inLanguage\":\"pl-PL\",\"@id\":\"https:\/\/galakomediowa.pl\/#primaryimage\",\"url\":\"https:\/\/galakomediowa.pl\/wp-content\/uploads\/2025\/05\/cropped-plakat_pion.png\",\"contentUrl\":\"https:\/\/galakomediowa.pl\/wp-content\/uploads\/2025\/05\/cropped-plakat_pion.png\",\"width\":1078,\"height\":1569},{\"@type\":\"BreadcrumbList\",\"@id\":\"https:\/\/galakomediowa.pl\/#breadcrumb\",\"itemListElement\":[{\"@type\":\"ListItem\",\"position\":1,\"name\":\"Strona g\u0142\u00f3wna\",\"item\":\"https:\/\/galakomediowa.pl\/\"},{\"@type\":\"ListItem\",\"position\":2,\"name\":\"Gala Komediowa\"}]},{\"@type\":\"WebSite\",\"@id\":\"https:\/\/galakomediowa.pl\/#website\",\"url\":\"https:\/\/galakomediowa.pl\/\",\"name\":\"Komediowa Gala Charytatywna\",\"description\":\"Ju\u017c 13 czerwca - trzecia edycja gali!\",\"publisher\":{\"@id\":\"https:\/\/galakomediowa.pl\/#organization\"},\"potentialAction\":[{\"@type\":\"SearchAction\",\"target\":{\"@type\":\"EntryPoint\",\"urlTemplate\":\"https:\/\/galakomediowa.pl\/?s={search_term_string}\"},\"query-input\":{\"@type\":\"PropertyValueSpecification\",\"valueRequired\":true,\"valueName\":\"search_term_string\"}}],\"inLanguage\":\"pl-PL\"},{\"@type\":\"Organization\",\"@id\":\"https:\/\/galakomediowa.pl\/#organization\",\"name\":\"Komediowa Gala Charytatywna\",\"url\":\"https:\/\/galakomediowa.pl\/\",\"logo\":{\"@type\":\"ImageObject\",\"inLanguage\":\"pl-PL\",\"@id\":\"https:\/\/galakomediowa.pl\/#\/schema\/logo\/image\/\",\"url\":\"https:\/\/galakomediowa.pl\/wp-content\/uploads\/2025\/05\/tlo.png\",\"contentUrl\":\"https:\/\/galakomediowa.pl\/wp-content\/uploads\/2025\/05\/tlo.png\",\"width\":904,\"height\":517,\"caption\":\"Komediowa Gala Charytatywna\"},\"image\":{\"@id\":\"https:\/\/galakomediowa.pl\/#\/schema\/logo\/image\/\"},\"sameAs\":[\"https:\/\/www.facebook.com\/WystarczyChciecPL\"]}]}<\/script>\n<!-- \/ Yoast SEO plugin. -->","yoast_head_json":{"title":"Gala Komediowa - Komediowa Gala Charytatywna","robots":{"index":"index","follow":"follow","max-snippet":"max-snippet:-1","max-image-preview":"max-image-preview:large","max-video-preview":"max-video-preview:-1"},"canonical":"https:\/\/galakomediowa.pl\/","og_locale":"pl_PL","og_type":"article","og_title":"Gala Komediowa - Komediowa Gala Charytatywna","og_description":"Czym jest Gala Charytatywna Jest to wiecz\u00f3r komediowy pe\u0142en improwizowanych skeczy.&nbsp; Wszystko co zobaczycie b\u0119dzie tworzone na \u017cywo na podstawie sugestii publiczno\u015bci. Nic co zobaczycie wcze\u015bniej nie powsta\u0142o i ju\u017c nigdy nie zostanie odegrane.&nbsp; Wyst\u0119puj\u0105:Abelard Giza, Kacper Ruci\u0144ski Grupa AD HOC czyli Micha\u0142 Jeffrey Ociepa, Micha\u0142 Pr\u00f3chniewicz, Alan Pakosz, Janek Malinowski, Dawid Makosz, Grupa Dzikie&hellip; Read more","og_url":"https:\/\/galakomediowa.pl\/","og_site_name":"Komediowa Gala Charytatywna","article_publisher":"https:\/\/www.facebook.com\/WystarczyChciecPL","article_modified_time":"2026-04-09T14:12:17+00:00","og_image":[{"width":1078,"height":1569,"url":"https:\/\/galakomediowa.pl\/wp-content\/uploads\/2025\/05\/cropped-plakat_pion.png","type":"image\/png"}],"twitter_card":"summary_large_image","twitter_misc":{"Szacowany czas czytania":"5 minut"},"schema":{"@context":"https:\/\/schema.org","@graph":[{"@type":"WebPage","@id":"https:\/\/galakomediowa.pl\/","url":"https:\/\/galakomediowa.pl\/","name":"Gala Komediowa - Komediowa Gala Charytatywna","isPartOf":{"@id":"https:\/\/galakomediowa.pl\/#website"},"primaryImageOfPage":{"@id":"https:\/\/galakomediowa.pl\/#primaryimage"},"image":{"@id":"https:\/\/galakomediowa.pl\/#primaryimage"},"thumbnailUrl":"https:\/\/galakomediowa.pl\/wp-content\/uploads\/2025\/05\/cropped-plakat_pion.png","datePublished":"2023-06-12T10:10:07+00:00","dateModified":"2026-04-09T14:12:17+00:00","breadcrumb":{"@id":"https:\/\/galakomediowa.pl\/#breadcrumb"},"inLanguage":"pl-PL","potentialAction":[{"@type":"ReadAction","target":["https:\/\/galakomediowa.pl\/"]}]},{"@type":"ImageObject","inLanguage":"pl-PL","@id":"https:\/\/galakomediowa.pl\/#primaryimage","url":"https:\/\/galakomediowa.pl\/wp-content\/uploads\/2025\/05\/cropped-plakat_pion.png","contentUrl":"https:\/\/galakomediowa.pl\/wp-content\/uploads\/2025\/05\/cropped-plakat_pion.png","width":1078,"height":1569},{"@type":"BreadcrumbList","@id":"https:\/\/galakomediowa.pl\/#breadcrumb","itemListElement":[{"@type":"ListItem","position":1,"name":"Strona g\u0142\u00f3wna","item":"https:\/\/galakomediowa.pl\/"},{"@type":"ListItem","position":2,"name":"Gala Komediowa"}]},{"@type":"WebSite","@id":"https:\/\/galakomediowa.pl\/#website","url":"https:\/\/galakomediowa.pl\/","name":"Komediowa Gala Charytatywna","description":"Ju\u017c 13 czerwca - trzecia edycja gali!","publisher":{"@id":"https:\/\/galakomediowa.pl\/#organization"},"potentialAction":[{"@type":"SearchAction","target":{"@type":"EntryPoint","urlTemplate":"https:\/\/galakomediowa.pl\/?s={search_term_string}"},"query-input":{"@type":"PropertyValueSpecification","valueRequired":true,"valueName":"search_term_string"}}],"inLanguage":"pl-PL"},{"@type":"Organization","@id":"https:\/\/galakomediowa.pl\/#organization","name":"Komediowa Gala Charytatywna","url":"https:\/\/galakomediowa.pl\/","logo":{"@type":"ImageObject","inLanguage":"pl-PL","@id":"https:\/\/galakomediowa.pl\/#\/schema\/logo\/image\/","url":"https:\/\/galakomediowa.pl\/wp-content\/uploads\/2025\/05\/tlo.png","contentUrl":"https:\/\/galakomediowa.pl\/wp-content\/uploads\/2025\/05\/tlo.png","width":904,"height":517,"caption":"Komediowa Gala Charytatywna"},"image":{"@id":"https:\/\/galakomediowa.pl\/#\/schema\/logo\/image\/"},"sameAs":["https:\/\/www.facebook.com\/WystarczyChciecPL"]}]}},"_links":{"self":[{"href":"https:\/\/galakomediowa.pl\/index.php\/wp-json\/wp\/v2\/pages\/10","targetHints":{"allow":["GET"]}}],"collection":[{"href":"https:\/\/galakomediowa.pl\/index.php\/wp-json\/wp\/v2\/pages"}],"about":[{"href":"https:\/\/galakomediowa.pl\/index.php\/wp-json\/wp\/v2\/types\/page"}],"author":[{"embeddable":true,"href":"https:\/\/galakomediowa.pl\/index.php\/wp-json\/wp\/v2\/users\/1"}],"replies":[{"embeddable":true,"href":"https:\/\/galakomediowa.pl\/index.php\/wp-json\/wp\/v2\/comments?post=10"}],"version-history":[{"count":164,"href":"https:\/\/galakomediowa.pl\/index.php\/wp-json\/wp\/v2\/pages\/10\/revisions"}],"predecessor-version":[{"id":556,"href":"https:\/\/galakomediowa.pl\/index.php\/wp-json\/wp\/v2\/pages\/10\/revisions\/556"}],"wp:featuredmedia":[{"embeddable":true,"href":"https:\/\/galakomediowa.pl\/index.php\/wp-json\/wp\/v2\/media\/446"}],"wp:attachment":[{"href":"https:\/\/galakomediowa.pl\/index.php\/wp-json\/wp\/v2\/media?parent=10"}],"curies":[{"name":"wp","href":"https:\/\/api.w.org\/{rel}","templated":true}]}}